{"id":69,"date":"2023-05-22T21:21:41","date_gmt":"2023-05-22T19:21:41","guid":{"rendered":"https:\/\/gescher-dyk-schule.de\/?page_id=69"},"modified":"2024-10-13T18:12:08","modified_gmt":"2024-10-13T16:12:08","slug":"schulsozialarbeit","status":"publish","type":"page","link":"https:\/\/gescher-dyk-schule.de\/index.php\/schulsozialarbeit\/","title":{"rendered":"Schulsozialarbeit"},"content":{"rendered":"\n<p><strong>Guten Tag!<\/strong><br>Mein Name ist Lilly Waschk und ich bin an der Gescher-Dyk-Schule f\u00fcr die Schulsozialarbeit zust\u00e4ndig.<br><\/p>\n\n\n\n<p><em>Schulsozialarbeit versteht sich als Bindeglied zwischen Schule und \u00f6ffentlicher bzw. freier Jugendhilfe.<\/em><br><\/p>\n\n\n\n<p><strong>Meine Aufgabenfelder:<\/strong><\/p>\n\n\n\n<ul class=\"wp-block-list\">\n<li>Klassen- bzw. individuelle Sch\u00fcler*innenbegleitung in Unterrichtsstunden<\/li>\n\n\n\n<li>Beratungsgespr\u00e4che<\/li>\n\n\n\n<li>Projektarbeit<\/li>\n\n\n\n<li>Kontakt und \u00dcberg\u00e4nge zu au\u00dferschulischen Institutionen (Vereine, Erziehungsberatungsstellen, Jugendamt, \u2026)<\/li>\n\n\n\n<li>u<em>.<\/em>v.m.<em> <\/em><\/li>\n<\/ul>\n\n\n\n<p><strong>Kleine Insel<\/strong><em> <\/em><\/p>\n\n\n\n<p>Die \u201eKleine Insel\u201c ist ein Pausenangebot f\u00fcr Sch\u00fcler*innen, wobei sie in einer ruhigen und entspannten Atmosph\u00e4re kurze angeleitete \u00dcbungen oder Kleinspiele durchf\u00fchren k\u00f6nnen.<br>Dieses Angebot er\u00f6ffnet den Sch\u00fcler*innen die M\u00f6glichkeit, im Schulalltag zur Ruhe zu kommen und kurz abzuschalten. <\/p>\n\n\n\n<p><strong>Streitschlichterausbildung <\/strong><\/p>\n\n\n\n<p>Die Streitschlichterausbildung ist ein freiwilliges Angebot im Nachmittagsbereich. Die Sch\u00fcler*innen der dritten Klassen erhalten die M\u00f6glichkeit sich in diesem Rahmen ausbilden zu lassen und im Anschluss in der vierten Klasse als Streitschlichter*in auf dem Schulhof t\u00e4tig zu werden. Sie sind dann Ansprech-partner*innen f\u00fcr alle Kinder, die ihre Hilfe ben\u00f6tigen. Zum Reflektieren der unterschiedlichen Erlebnisse, treffen sich die Streitschlichter*innen einmal w\u00f6chentlich zum gemeinsamen Fr\u00fchst\u00fcck, um sich auszutauschen.<br><\/p>\n\n\n\n<p><strong>Erreichbarkeit und Kontakt<\/strong><br>Lilly Waschk ist <strong>montags <\/strong>und <strong>mittwochs <\/strong>vor Ort.<br>Terminvereinbarungen telefonisch unter 01573 4273926 oder per Mail unter            lilly.waschk@stadtlohn-gds.de<\/p>\n\n\n\n<p><br><em>Kommen Sie gerne auf mich zu.<br>Ich freue mich auf die Zusammenarbeit!<\/em><\/p>\n","protected":false},"excerpt":{"rendered":"<p>Guten Tag!Mein Name ist Lilly Waschk und ich bin an der Gescher-Dyk-Schule f\u00fcr die Schulsozialarbeit zust\u00e4ndig. Schulsozialarbeit versteht sich als Bindeglied zwischen Schule und \u00f6ffentlicher bzw. freier Jugendhilfe. Meine Aufgabenfelder: Kleine Insel Die \u201eKleine Insel\u201c ist ein Pausenangebot f\u00fcr Sch\u00fcler*innen, &hellip; <\/p>\n","protected":false},"author":2,"featured_media":0,"parent":0,"menu_order":0,"comment_status":"closed","ping_status":"closed","template":"","meta":{"footnotes":""},"class_list":["post-69","page","type-page","status-publish","hentry"],"_links":{"self":[{"href":"https:\/\/gescher-dyk-schule.de\/index.php\/wp-json\/wp\/v2\/pages\/69","targetHints":{"allow":["GET"]}}],"collection":[{"href":"https:\/\/gescher-dyk-schule.de\/index.php\/wp-json\/wp\/v2\/pages"}],"about":[{"href":"https:\/\/gescher-dyk-schule.de\/index.php\/wp-json\/wp\/v2\/types\/page"}],"author":[{"embeddable":true,"href":"https:\/\/gescher-dyk-schule.de\/index.php\/wp-json\/wp\/v2\/users\/2"}],"replies":[{"embeddable":true,"href":"https:\/\/gescher-dyk-schule.de\/index.php\/wp-json\/wp\/v2\/comments?post=69"}],"version-history":[{"count":6,"href":"https:\/\/gescher-dyk-schule.de\/index.php\/wp-json\/wp\/v2\/pages\/69\/revisions"}],"predecessor-version":[{"id":420,"href":"https:\/\/gescher-dyk-schule.de\/index.php\/wp-json\/wp\/v2\/pages\/69\/revisions\/420"}],"wp:attachment":[{"href":"https:\/\/gescher-dyk-schule.de\/index.php\/wp-json\/wp\/v2\/media?parent=69"}],"curies":[{"name":"wp","href":"https:\/\/api.w.org\/{rel}","templated":true}]}}