{"id":175,"date":"2023-06-10T19:32:48","date_gmt":"2023-06-10T17:32:48","guid":{"rendered":"https:\/\/gescher-dyk-schule.de\/?page_id=175"},"modified":"2024-04-25T12:43:59","modified_gmt":"2024-04-25T10:43:59","slug":"impressum","status":"publish","type":"page","link":"https:\/\/gescher-dyk-schule.de\/index.php\/impressum\/","title":{"rendered":"Impressum"},"content":{"rendered":"\n<h4 class=\"wp-block-heading has-medium-font-size\"><strong>Angaben gem\u00e4\u00df \u00a7 5 Telemediengesetz:<\/strong><\/h4>\n\n\n\n<p><strong>Diensteanbieter<\/strong><\/p>\n\n\n\n<p>Gescher-Dyk-Schule<\/p>\n\n\n\n<p>vertreten durch: <\/p>\n\n\n\n<p>Oliver Puthen (Schulleiter)<\/p>\n\n\n\n<p>Gescher-Dyk 51<\/p>\n\n\n\n<p>48703 Stadtlohn<\/p>\n\n\n\n<p>Telefon: 02563 8140<\/p>\n\n\n\n<p>E-Mail: gescher-dyk-schule@stadtlohn.de<\/p>\n\n\n\n<p><strong>Datenschutzbeauftragte<\/strong><\/p>\n\n\n\n<p><\/p>\n\n\n\n<p><strong>Zust\u00e4ndige Aufsichtsbeh\u00f6rde ist<\/strong><\/p>\n\n\n\n<p>Die Landesbeauftragte f\u00fcr Datenschutz und Informationsfreiheit NRW (LDI)<\/p>\n\n\n\n<p>Postfach 20 04 44<\/p>\n\n\n\n<p>40102 D\u00fcsseldorf<\/p>\n\n\n\n<p>Tel.: 0211\/38424-0<\/p>\n\n\n\n<p>E-Mail: poststelle@ldi.nrw.de<\/p>\n\n\n\n<h4 class=\"wp-block-heading\">Haftung im Sinne \u00a7 7 TMG<\/h4>\n\n\n\n<p>Die Schule stellt ihr Angebot unter folgenden Nutzungsbedingungen zur Verf\u00fcgung:<\/p>\n\n\n\n<p>Die Schule ist als Diensteanbieter nach \u00a7 7 Abs. 1 TMG f\u00fcr die eigenen Inhalte, die sie zur Nutzung bereith\u00e4lt, nach den geltenden Vorschriften verantwortlich. Die Haftung f\u00fcr Sch\u00e4den materieller oder ideeller Art, die durch die Nutzung der Inhalte verursacht wurden, ist ausgeschlossen, sofern nicht Vorsatz oder grobe Fahrl\u00e4ssigkeit vorliegt. Soweit ein Inhalt von dritter Seite erstellt ist, ist der Verfasser des jeweiligen Dokuments bzw. der Auftraggeber f\u00fcr den Inhalt verantwortlich.<\/p>\n\n\n\n<h4 class=\"wp-block-heading\">Haftungsausschluss im Sinne \u00a7 8 TMG<\/h4>\n\n\n\n<p>Die Schule macht sich den Inhalten der per Hyperlinks zug\u00e4nglich gemachten fremden Inhalte ausdr\u00fccklich nicht zu eigen und kann deshalb f\u00fcr deren inhaltliche Korrektheit, Vollst\u00e4ndigkeit und Verf\u00fcgbarkeit keine Gew\u00e4hr leisten. Die Schule hat keinen Einfluss auf die aktuelle und zuk\u00fcnftige Gestaltung und auf Inhalte der gelinkten Seiten und distanziert sich ausdr\u00fccklich hiervon. Sofern die Schule feststellt oder davon Kenntnis erh\u00e4lt, dass sich auf verlinkten Seiten zwischenzeitlich rechtswidrige oder mit ihrem Leitbild unvereinbare Inhalte befinden, werden die entsprechenden Links unverz\u00fcglich entfernt. <\/p>\n\n\n\n<h4 class=\"wp-block-heading\">Urheberrecht<\/h4>\n\n\n\n<p>Die durch die Seitenbetreiber erstellten und bereitgestellten Inhalte und Werke des vorliegenden Angebotes unterliegen dem deutschen Urheberrecht. Die Vervielf\u00e4ltigung, Bearbeitung, Verbreitung und jede Art der Verwertung au\u00dferhalb der Grenzen des Urheberrechtes bed\u00fcrfen &#8211; soweit nicht anders vermerkt &#8211; der schriftlichen Zustimmung des jeweiligen Autors bzw. Erstellers. Soweit die Inhalte auf den Seiten des vorliegenden Angebotes nicht vom Seitenbetreiber erstellt wurden, werden die Urheberrechte Dritter beachtet. Sollten Sie trotzdem auf eine Urheberrechtsverletzung aufmerksam werden, bitten wir um einen entsprechenden Hinweis. Bei Bekanntwerden von Rechtsverletzungen werden derartige Inhalte umgehend entfernt.<\/p>\n","protected":false},"excerpt":{"rendered":"<p>Angaben gem\u00e4\u00df \u00a7 5 Telemediengesetz: Diensteanbieter Gescher-Dyk-Schule vertreten durch: Oliver Puthen (Schulleiter) Gescher-Dyk 51 48703 Stadtlohn Telefon: 02563 8140 E-Mail: gescher-dyk-schule@stadtlohn.de Datenschutzbeauftragte Zust\u00e4ndige Aufsichtsbeh\u00f6rde ist Die Landesbeauftragte f\u00fcr Datenschutz und Informationsfreiheit NRW (LDI) Postfach 20 04 44 40102 D\u00fcsseldorf Tel.: &hellip; <\/p>\n","protected":false},"author":2,"featured_media":0,"parent":0,"menu_order":0,"comment_status":"closed","ping_status":"closed","template":"","meta":{"footnotes":""},"class_list":["post-175","page","type-page","status-publish","hentry"],"_links":{"self":[{"href":"https:\/\/gescher-dyk-schule.de\/index.php\/wp-json\/wp\/v2\/pages\/175","targetHints":{"allow":["GET"]}}],"collection":[{"href":"https:\/\/gescher-dyk-schule.de\/index.php\/wp-json\/wp\/v2\/pages"}],"about":[{"href":"https:\/\/gescher-dyk-schule.de\/index.php\/wp-json\/wp\/v2\/types\/page"}],"author":[{"embeddable":true,"href":"https:\/\/gescher-dyk-schule.de\/index.php\/wp-json\/wp\/v2\/users\/2"}],"replies":[{"embeddable":true,"href":"https:\/\/gescher-dyk-schule.de\/index.php\/wp-json\/wp\/v2\/comments?post=175"}],"version-history":[{"count":9,"href":"https:\/\/gescher-dyk-schule.de\/index.php\/wp-json\/wp\/v2\/pages\/175\/revisions"}],"predecessor-version":[{"id":373,"href":"https:\/\/gescher-dyk-schule.de\/index.php\/wp-json\/wp\/v2\/pages\/175\/revisions\/373"}],"wp:attachment":[{"href":"https:\/\/gescher-dyk-schule.de\/index.php\/wp-json\/wp\/v2\/media?parent=175"}],"curies":[{"name":"wp","href":"https:\/\/api.w.org\/{rel}","templated":true}]}}