{"id":154,"date":"2023-06-10T16:08:26","date_gmt":"2023-06-10T14:08:26","guid":{"rendered":"https:\/\/gescher-dyk-schule.de\/?page_id=154"},"modified":"2026-03-13T10:56:05","modified_gmt":"2026-03-13T09:56:05","slug":"termine","status":"publish","type":"page","link":"https:\/\/gescher-dyk-schule.de\/index.php\/termine\/","title":{"rendered":"Termine"},"content":{"rendered":"\n<p class=\"has-medium-font-size\"><strong>Terminplaner f\u00fcr das Schuljahr 2025\/26<\/strong><\/p>\n\n\n\n<p><\/p>\n\n\n\n<p>Liebe Eltern,<\/p>\n\n\n\n<p>in diesem Terminplaner k\u00f6nnen ggfs. Erg\u00e4nzungen oder kleine Ver\u00e4nderungen vorgenommen werden. Diese kennzeichnen wir farblich (<mark style=\"background-color:rgba(0, 0, 0, 0)\" class=\"has-inline-color has-vivid-purple-color\">lila<\/mark>). Es w\u00e4re daher sch\u00f6n, wenn Sie von Zeit zu Zeit unsere Homepage besuchen.<\/p>\n\n\n\n<p>Die PDF-Version zum Download: <a href=\"https:\/\/gescher-dyk-schule.de\/wp-content\/uploads\/2026\/03\/Terminplaner-25_26_Stand-13.03.26.pdf\" data-type=\"attachment\" data-id=\"490\" target=\"_blank\" rel=\"noreferrer noopener\">Terminplaner 25_26_Stand 13.03.2026<\/a><\/p>\n\n\n\n<figure class=\"wp-block-table is-style-stripes\"><table><tbody><tr><td><strong>September<\/strong><\/td><td><\/td><td><\/td><td><\/td><\/tr><tr><td>Mi<\/td><td>24.09.2025<\/td><td>Schulpflegschaft u. Schulkonferenz (f\u00fcr gew\u00e4hlte Eltern)<\/td><td><\/td><\/tr><tr><td><\/td><td><\/td><td><\/td><td><\/td><\/tr><tr><td><strong>Oktober<\/strong><\/td><td><\/td><td><\/td><td><\/td><\/tr><tr><td>Fr<\/td><td>03.10.2025<\/td><td>Tag der deutschen Einheit<\/td><td><\/td><\/tr><tr><td>Mo-Mi<\/td><td>06.-08.10.2025<\/td><td>Klassenfahrt 4. Schuljahre<\/td><td><\/td><\/tr><tr><td>Di<\/td><td>07.10.2025<\/td><td>Wandertag<\/td><td><\/td><\/tr><tr><td><\/td><td><\/td><td><strong>Herbstferien 13.10. &#8211; 24.10.2025<\/strong><\/td><td><\/td><\/tr><tr><td><mark style=\"background-color:rgba(0, 0, 0, 0)\" class=\"has-inline-color has-vivid-purple-color\">Mo<\/mark><\/td><td><mark style=\"background-color:rgba(0, 0, 0, 0)\" class=\"has-inline-color has-vivid-purple-color\">27.10.2025<\/mark><\/td><td><mark style=\"background-color:rgba(0, 0, 0, 0)\" class=\"has-inline-color has-vivid-purple-color\">Jahreshauptversammlung F\u00f6rderverein, 19 Uhr<\/mark><\/td><td><\/td><\/tr><tr><td><strong>November<\/strong><\/td><td><\/td><td><\/td><td><\/td><\/tr><tr><td>Sa<\/td><td>01.11.2025<\/td><td>Allerheiligen<\/td><td><\/td><\/tr><tr><td>Mo<\/td><td>03.11.2025<\/td><td>Ganzt\u00e4gige Lehrkr\u00e4ftefortbildung &#8211; kein Unterricht<\/td><td><\/td><\/tr><tr><td>Mi<\/td><td>05.11.2025<\/td><td>Schulanmeldung<\/td><td><\/td><\/tr><tr><td>Mi<\/td><td>05.11.2025<\/td><td>Infoabend weiterf\u00fchrende Schulen aus Grundschulsicht, 19.00 Uhr<\/td><td><\/td><\/tr><tr><td>Mi<\/td><td>12.11.2025<\/td><td>Einschulungsparcour<\/td><td><\/td><\/tr><tr><td>Mi<\/td><td>12.11.2025<\/td><td>Infoveranstaltung &#8222;Vorstellung der weiterf\u00fchrenden Schulen Stadtlohns&#8220; um 19:00 Uhr in der Losbergschule (f\u00fcr Eltern der Jahrgangsstufe 4)<\/td><td><\/td><\/tr><tr><td>Mo-Fr<\/td><td>10.11.-28.11.2025<\/td><td>Elternsprechtage der 1. &#8211; 4. Schuljahre<\/td><td><\/td><\/tr><tr><td>Fr<\/td><td>21.11.2025<\/td><td>Tag der offenen T\u00fcr GSG<\/td><td><\/td><\/tr><tr><td>Di<\/td><td>25.11.2025<\/td><td>Abstimmungsgespr\u00e4ch QA<\/td><td><\/td><\/tr><tr><td>Fr<\/td><td>28.11.2025<\/td><td>Tag der offenen T\u00fcr St. Anna Realschule<\/td><td><\/td><\/tr><tr><td><\/td><td><\/td><td><\/td><td><\/td><\/tr><tr><td><strong>Dezember<\/strong><\/td><td><\/td><td><\/td><td><\/td><\/tr><tr><td>Do<\/td><td>04.12.2025<\/td><td>Tag der offenen T\u00fcr Herta-Lebenstein-Realschule<\/td><td><\/td><\/tr><tr><td>Fr<\/td><td>05.12.2025<\/td><td>Nikolausumzug<\/td><td><\/td><\/tr><tr><td>Fr<\/td><td>12.12.2025<\/td><td>Tag der offenen T\u00fcr Losbergschule<\/td><td><\/td><\/tr><tr><td><\/td><td><\/td><td><strong>Weihnachtsferien 22.12.2025 &#8211; 06.01.2026<\/strong><\/td><td><\/td><\/tr><tr><td><\/td><td><\/td><td><\/td><td><\/td><\/tr><tr><td><strong>Januar<\/strong><\/td><td><\/td><td><\/td><td><\/td><\/tr><tr><td>Mi<\/td><td>14.01.2026<\/td><td>Runder Tisch St. Anna RS um 16:00 Uhr<\/td><td><\/td><\/tr><tr><td><\/td><td><\/td><td><\/td><td><\/td><\/tr><tr><td><strong>Februar<\/strong><\/td><td><\/td><td><\/td><td><\/td><\/tr><tr><td>Mi<\/td><td>04.02.2026<\/td><td>Zeugnisausgabe f\u00fcr die Klassen 3 und 4<\/td><td><\/td><\/tr><tr><td>Do<\/td><td>05.02.2026<\/td><td>Gespr\u00e4chsm\u00f6glichkeit zu den Zeugnisse der 3. und 4. Schuljahre<\/td><td><\/td><\/tr><tr><td>Fr<\/td><td>06.02.2026<\/td><td>Unterrichtsende nach der 3. Stunde wg. Zeugnisausgabe Mi<\/td><td><\/td><\/tr><tr><td>Mo<\/td><td>09.02.2026<\/td><td>Beginn 2. Schulhalbjahr &#8211; neuer Stundenplan<\/td><td><\/td><\/tr><tr><td>Mo<\/td><td>09.02.2026<\/td><td>Ganzt\u00e4gige Lehrkr\u00e4ftefortbilung &#8211; kein Unterricht<\/td><td><\/td><\/tr><tr><td>Fr<\/td><td>13.02.2026<\/td><td>Schulkarneval<\/td><td><\/td><\/tr><tr><td>Mo<\/td><td>16.02.2026<\/td><td>Rosenmontag 1. beweglicher Ferientag<\/td><td><\/td><\/tr><tr><td><\/td><td><\/td><td><\/td><td><\/td><\/tr><tr><td><strong>M\u00e4rz<\/strong><\/td><td><\/td><td><\/td><td><\/td><\/tr><tr><td>Mi<\/td><td>04.03.2026<\/td><td>Schulanmeldung weiterf\u00fchrende Schulen<\/td><td><\/td><\/tr><tr><td>Fr<\/td><td>06.03.2026<\/td><td>Schulanmeldung weiterf\u00fchrende Schulen<\/td><td><\/td><\/tr><tr><td>Mo &#8211; Fr<\/td><td>09.03. &#8211; 20.03.2026<\/td><td>Elternsprechtage der 1. &#8211; 3. Schuljahre<\/td><td><\/td><\/tr><tr><td>Di<\/td><td>12.03.2026<\/td><td>Schwimmfest aller Stadtlohner Grundschulen<\/td><td><\/td><\/tr><tr><td>Do<\/td><td>19.03.2026<\/td><td>K\u00e4nguruwettbewerb<\/td><td><\/td><\/tr><tr><td><\/td><td><\/td><td><strong>Osterferien 30.03. &#8211; 10.04.2026<\/strong><\/td><td><\/td><\/tr><tr><td><\/td><td><\/td><td><\/td><td><\/td><\/tr><tr><td><strong>April<\/strong><\/td><td><\/td><td><\/td><td><\/td><\/tr><tr><td>Sa<\/td><td><mark style=\"background-color:rgba(0, 0, 0, 0)\" class=\"has-inline-color has-vivid-purple-color\">25.04.2026<\/mark><\/td><td>Stauden-\/Fahrradb\u00f6rse u. Tr\u00f6delmarkt des FV<\/td><td><\/td><\/tr><tr><td><mark style=\"background-color:rgba(0, 0, 0, 0)\" class=\"has-inline-color has-vivid-purple-color\">Mi<\/mark><\/td><td><mark style=\"background-color:rgba(0, 0, 0, 0)\" class=\"has-inline-color has-vivid-purple-color\">29.04.2026<\/mark><\/td><td><mark style=\"background-color:rgba(0, 0, 0, 0)\" class=\"has-inline-color has-vivid-purple-color\">Elterninfo Radfahrausbildung um 15:00 Uhr<\/mark><\/td><td><\/td><\/tr><tr><td><\/td><td><\/td><td><\/td><td><\/td><\/tr><tr><td><strong>Mai<\/strong><\/td><td><\/td><td><\/td><td><\/td><\/tr><tr><td>Do<\/td><td>01.05.2026<\/td><td>Tag der Arbeit &#8211; unterrichtsfrei<\/td><td><\/td><\/tr><tr><td>Mo &#8211; Fr<\/td><td>04.05. &#8211; 13.05.2026<\/td><td>K\u00f6nner auf 2 R\u00e4dern<\/td><td><\/td><\/tr><tr><td>Do<\/td><td>14.05.2026<\/td><td>Christi Himmelfahrt &#8211; unterrichtsfrei<\/td><td><\/td><\/tr><tr><td>Fr<\/td><td>15.05.2026<\/td><td>2. beweglicher Ferientag<\/td><td><\/td><\/tr><tr><td>Mi<\/td><td>20.05.2026<\/td><td>Sportfest<\/td><td><\/td><\/tr><tr><td>So\/Mo<\/td><td>24.\/25.05.2026<\/td><td>Pfingsten &#8211; unterrichtsfrei<\/td><td><\/td><\/tr><tr><td>Di<\/td><td>26.05.2026<\/td><td>Pfingstferien<\/td><td><\/td><\/tr><tr><td><\/td><td><\/td><td><\/td><td><\/td><\/tr><tr><td><strong>Juni<\/strong><\/td><td><\/td><td><\/td><td><\/td><\/tr><tr><td>Mo-Mi<\/td><td>01.-03.06.2026<\/td><td>Klassenfahrt 3. Schuljahre<\/td><td><\/td><\/tr><tr><td><mark style=\"background-color:rgba(0, 0, 0, 0)\" class=\"has-inline-color has-vivid-purple-color\">Di<\/mark><\/td><td><mark style=\"background-color:rgba(0, 0, 0, 0)\" class=\"has-inline-color has-vivid-purple-color\">02.06.2026<\/mark><\/td><td><mark style=\"background-color:rgba(0, 0, 0, 0)\" class=\"has-inline-color has-vivid-purple-color\">Radfahrausbildung &#8211; \u00dcben mit der Polizei<\/mark><\/td><td><\/td><\/tr><tr><td>Do<\/td><td>04.06.2026<\/td><td>Fronleichnam &#8211; unterrichtsfrei<\/td><td><\/td><\/tr><tr><td>Fr<\/td><td>05.06.2026<\/td><td>3. beweglicher Ferientag<\/td><td><\/td><\/tr><tr><td><mark style=\"background-color:rgba(0, 0, 0, 0)\" class=\"has-inline-color has-vivid-purple-color\">Fr<\/mark><\/td><td><mark style=\"background-color:rgba(0, 0, 0, 0)\" class=\"has-inline-color has-vivid-purple-color\">12.06.2026<\/mark><\/td><td>Ausweichtermin Sportfest<\/td><td><\/td><\/tr><tr><td><mark style=\"background-color:rgba(0, 0, 0, 0)\" class=\"has-inline-color has-vivid-purple-color\">Mi<\/mark><\/td><td><mark style=\"background-color:rgba(0, 0, 0, 0)\" class=\"has-inline-color has-vivid-purple-color\">17.06.2026<\/mark><\/td><td><mark style=\"background-color:rgba(0, 0, 0, 0)\" class=\"has-inline-color has-vivid-purple-color\">Radfahrausbildung &#8211; Lernzielkontrolle<\/mark><\/td><td><\/td><\/tr><tr><td>Sa<\/td><td>20.06.2026<\/td><td>JeKits-Abschlussveranstaltung aller Instrumentalsch\u00fcler um 15:00 Uhr in der Stadthalle<\/td><td><\/td><\/tr><tr><td><\/td><td><\/td><td><\/td><td><\/td><\/tr><tr><td><strong>Juli<\/strong><\/td><td><\/td><td><\/td><td><\/td><\/tr><tr><td>Mo<\/td><td>06.07.2026<\/td><td>Elternabend der neuen Erstkl\u00e4ssler um 19:30 Uhr<\/td><td><\/td><\/tr><tr><td>Di<\/td><td>14.07.2026<\/td><td>Wandertag<\/td><td><\/td><\/tr><tr><td>Mi<\/td><td>15.07.2026<\/td><td>Zeugnisausgabe<\/td><td><\/td><\/tr><tr><td>Do<\/td><td>16.07.2026<\/td><td>Gespr\u00e4chsm\u00f6glichkeit zu den Zeugnissen der 1. &#8211; 4. Schuljahre<\/td><td><\/td><\/tr><tr><td>Fr<\/td><td>17.07.2026<\/td><td>Unterrichtsende nach der 3. Stunde<\/td><td><\/td><\/tr><tr><td><\/td><td><\/td><td><strong>Sommerferien 20.07. &#8211; 01.09.2026<\/strong><\/td><td><\/td><\/tr><tr><td><\/td><td><\/td><td><\/td><td><\/td><\/tr><tr><td><\/td><td><\/td><td><strong>Ausblick: Zirkusprojektwoche 14. &#8211; 19.09.2026<\/strong><\/td><td><\/td><\/tr><\/tbody><\/table><\/figure>\n\n\n\n<p>Die Terminierung von einer weiteren ganzt\u00e4gigen Fortbildung des Kollegiums (kein Unterricht f\u00fcr die Kinder) kann aus organisatorischen Gr\u00fcnden erst zu einem sp\u00e4teren Zeitpunkt erfolgen. Sobald der Termin feststeht, wird er an dieser Stelle ver\u00f6ffentlicht.<\/p>\n","protected":false},"excerpt":{"rendered":"<p>Terminplaner f\u00fcr das Schuljahr 2025\/26 Liebe Eltern, in diesem Terminplaner k\u00f6nnen ggfs. Erg\u00e4nzungen oder kleine Ver\u00e4nderungen vorgenommen werden. Diese kennzeichnen wir farblich (lila). Es w\u00e4re daher sch\u00f6n, wenn Sie von Zeit zu Zeit unsere Homepage besuchen. Die PDF-Version zum Download: &hellip; <\/p>\n","protected":false},"author":2,"featured_media":0,"parent":0,"menu_order":0,"comment_status":"closed","ping_status":"closed","template":"","meta":{"footnotes":""},"class_list":["post-154","page","type-page","status-publish","hentry"],"_links":{"self":[{"href":"https:\/\/gescher-dyk-schule.de\/index.php\/wp-json\/wp\/v2\/pages\/154","targetHints":{"allow":["GET"]}}],"collection":[{"href":"https:\/\/gescher-dyk-schule.de\/index.php\/wp-json\/wp\/v2\/pages"}],"about":[{"href":"https:\/\/gescher-dyk-schule.de\/index.php\/wp-json\/wp\/v2\/types\/page"}],"author":[{"embeddable":true,"href":"https:\/\/gescher-dyk-schule.de\/index.php\/wp-json\/wp\/v2\/users\/2"}],"replies":[{"embeddable":true,"href":"https:\/\/gescher-dyk-schule.de\/index.php\/wp-json\/wp\/v2\/comments?post=154"}],"version-history":[{"count":55,"href":"https:\/\/gescher-dyk-schule.de\/index.php\/wp-json\/wp\/v2\/pages\/154\/revisions"}],"predecessor-version":[{"id":515,"href":"https:\/\/gescher-dyk-schule.de\/index.php\/wp-json\/wp\/v2\/pages\/154\/revisions\/515"}],"wp:attachment":[{"href":"https:\/\/gescher-dyk-schule.de\/index.php\/wp-json\/wp\/v2\/media?parent=154"}],"curies":[{"name":"wp","href":"https:\/\/api.w.org\/{rel}","templated":true}]}}