{"id":148,"date":"2023-06-09T19:35:49","date_gmt":"2023-06-09T17:35:49","guid":{"rendered":"https:\/\/gescher-dyk-schule.de\/?page_id=148"},"modified":"2023-08-07T12:51:32","modified_gmt":"2023-08-07T10:51:32","slug":"vhts","status":"publish","type":"page","link":"https:\/\/gescher-dyk-schule.de\/index.php\/vhts\/","title":{"rendered":"VHTS"},"content":{"rendered":"\n<p class=\"has-medium-font-size\"><strong>Betreuung bis 13 Uhr\/auf Wunsch bis 14 Uhr &#8211; Verl\u00e4ssliche Halbtagsschule (VHTS)<\/strong><\/p>\n\n\n\n<p>Die Anmeldungen f\u00fcr VHTS und OGS m\u00fcssen ab dem Schuljahr 2017\/18 pers\u00f6nlich beim JFB Stadtlohn vorgenommen werden. Die Anmeldetermine werden vom JFB bekanntgegeben.<\/p>\n\n\n\n<p>Seit dem Schuljahr 2014\/15 haben Sie an der Gescher-Dyk-Schule die M\u00f6glichkeit eine Betreuung f\u00fcr Ihre Kinder bis 13.00 Uhr zu nutzen. Auf Wunsch k\u00f6nnen die Kinder ab dem Schuljahr 2023\/24 auch bis zum 14 Uhr betreut werden. Entscheiden Sie sich f\u00fcr eine Betreuung, k\u00f6nnen Sie ganz flexibel bestimmen, an welchen Tagen Ihr Kind die Betreuung wie lange nutzen soll. Das Betreuungsprogramm findet an allen Unterrichtstagen statt, ausgenommen sind die Ferien und bewegliche Feiertage. Die Kinder werden im Unterschied zur OGS nicht verpflegt. Sie besch\u00e4ftigen sich mit vorhandenen Materialien und Spielen, bei geeignetem Wetter d\u00fcrfen sie auch drau\u00dfen spielen. <\/p>\n\n\n\n<p>Frau Vonk und Frau Buten k\u00fcmmern sich um die angemeldeten Kinder. Bei Fragen und \u00c4nderungen k\u00f6nnen Sie diese unter folgender Rufnummer erreichen: 0176 55826516<\/p>\n\n\n\n<p>Nach der letzten Unterrichtsstunde treffen sich die Kinder in der Pausenhalle und werden dort von den Betreuerinnen in Empfang genommen. Danach gehen alle gemeinsam in den VHTS-Raum oder spielen bei gutem Wetter auf dem Schulhof. Vereinbaren Sie bitte mit den Betreuerinnen an welchem Tag Sie Ihr Kind wie sp\u00e4t abholen. Besprechen Sie auch, ob Ihr Kind zu einer bestimmten Uhrzeit alleine nach Hause fahren darf, abgeholt wird oder den Bus nutzen soll. Optimale Abholzeiten, die das Betreuungsangebot nicht unterbrechen, sind 11.50 Uhr, 12.45 Uhr, 13.00 Uhr, 13.30 Uhr oder 14.00 Uhr. <\/p>\n\n\n\n<p>In den ersten zwei Wochen nach den Sommerferien k\u00f6nnen die neu angemeldeten Kinder, die die VHTS besuchen, aus organisatorischen Gr\u00fcnden erst um 13.00 Uhr abgeholt werden. Die Anmeldung erfolgt verbindlich f\u00fcr ein Schuljahr. Die Kosten belaufen sich auf 25 \u20ac pro Monat und sind auch in den Ferien zu bezahlen.<\/p>\n","protected":false},"excerpt":{"rendered":"<p>Betreuung bis 13 Uhr\/auf Wunsch bis 14 Uhr &#8211; Verl\u00e4ssliche Halbtagsschule (VHTS) Die Anmeldungen f\u00fcr VHTS und OGS m\u00fcssen ab dem Schuljahr 2017\/18 pers\u00f6nlich beim JFB Stadtlohn vorgenommen werden. Die Anmeldetermine werden vom JFB bekanntgegeben. Seit dem Schuljahr 2014\/15 haben &hellip; <\/p>\n","protected":false},"author":2,"featured_media":0,"parent":0,"menu_order":0,"comment_status":"closed","ping_status":"closed","template":"","meta":{"footnotes":""},"class_list":["post-148","page","type-page","status-publish","hentry"],"_links":{"self":[{"href":"https:\/\/gescher-dyk-schule.de\/index.php\/wp-json\/wp\/v2\/pages\/148","targetHints":{"allow":["GET"]}}],"collection":[{"href":"https:\/\/gescher-dyk-schule.de\/index.php\/wp-json\/wp\/v2\/pages"}],"about":[{"href":"https:\/\/gescher-dyk-schule.de\/index.php\/wp-json\/wp\/v2\/types\/page"}],"author":[{"embeddable":true,"href":"https:\/\/gescher-dyk-schule.de\/index.php\/wp-json\/wp\/v2\/users\/2"}],"replies":[{"embeddable":true,"href":"https:\/\/gescher-dyk-schule.de\/index.php\/wp-json\/wp\/v2\/comments?post=148"}],"version-history":[{"count":3,"href":"https:\/\/gescher-dyk-schule.de\/index.php\/wp-json\/wp\/v2\/pages\/148\/revisions"}],"predecessor-version":[{"id":313,"href":"https:\/\/gescher-dyk-schule.de\/index.php\/wp-json\/wp\/v2\/pages\/148\/revisions\/313"}],"wp:attachment":[{"href":"https:\/\/gescher-dyk-schule.de\/index.php\/wp-json\/wp\/v2\/media?parent=148"}],"curies":[{"name":"wp","href":"https:\/\/api.w.org\/{rel}","templated":true}]}}