{"id":144,"date":"2023-06-09T19:29:45","date_gmt":"2023-06-09T17:29:45","guid":{"rendered":"https:\/\/gescher-dyk-schule.de\/?page_id=144"},"modified":"2023-06-13T18:43:47","modified_gmt":"2023-06-13T16:43:47","slug":"ogs","status":"publish","type":"page","link":"https:\/\/gescher-dyk-schule.de\/index.php\/ogs\/","title":{"rendered":"OGS"},"content":{"rendered":"\n<p class=\"has-medium-font-size\"><strong>Die OGS der Gescher-Dyk-Schule<\/strong><\/p>\n\n\n\n<p>Die Anmeldungen f\u00fcr VHTS und OGS m\u00fcssen ab dem Schuljahr 2017\/18 pers\u00f6nlich beim JFB Stadtlohn vorgenommen werden. Die Anmeldetermine werden vom JFB bekanntgegeben.<\/p>\n\n\n\n<p><strong>Allgemeines<\/strong> <\/p>\n\n\n\n<p>Seit dem Schuljahr 2005\/06 ist die Gescher-Dyk-Schule eine Offene Ganztagsschule. In zwei renovierten und kindgem\u00e4\u00df eingerichteten R\u00e4umen werden bis zu 30 Kinder betreut. Fester Bestandteil der Offenen Ganztagsschule sind die Betreuung von Hausaufgaben, das gemeinsame Einnehmen eines Mittagessens in der neu gestalteten K\u00fcche, das freie Spiel sowie t\u00e4gliche Angebote von 15 Uhr bis 16 Uhr. Die Kinder k\u00f6nnen entweder um 15.00 Uhr oder nach den verbindlichen Angeboten zwischen 16.00 Uhr und 16.30 Uhr nach Hause gehen.<\/p>\n\n\n\n<p><strong>Das Personal<\/strong><\/p>\n\n\n\n<p>Geleitet wird die Betreuung ab 12.00 Uhr von der Erzieherin Frau Lena Rotherm. Unterst\u00fctzt wird sie hierbei von Frau Dapper, Frau Lewerich und Frau von Raesfeld. Alle sind f\u00fcr die Kinder verl\u00e4ssliche Ansprechpartner. <\/p>\n\n\n\n<p>Frau Rotherm ist telefonisch zu erreichen unter: 01590-6385290 <\/p>\n\n\n\n<p>Auch Praktikanten und Praktikantinnen verschiedener Schulen unterst\u00fctzen die Erzieherinnen in ihrer Arbeit und bringen sich dabei sowohl in der Hausaufgabenbetreuung, der Beaufsichtigung der Kinder beim Spielen als auch in besonderen Angeboten in der Zeit von 15 Uhr -16 Uhr ein.<\/p>\n\n\n\n<p><strong>Die Angebote<\/strong><\/p>\n\n\n\n<p>T\u00e4glich finden zwischen 15 Uhr und 16 Uhr freiwillige Besch\u00e4ftigungsangebote f\u00fcr die Kinder statt. Diese Angebote wechseln alle f\u00fcnf bis acht Wochen und umfassen zum Beispiel eine Stunde Sport, Mal- und Bastelangebote, AG\u00b4s wie zum Beispiel \u201eBacken\u201c, \u201eExperimentieren\u201c, \u201eWerken\u201c, \u201eErste Hilfe f\u00fcr Kinder- b\u00e4renstarke Helfer\u201c und vieles mehr.<\/p>\n","protected":false},"excerpt":{"rendered":"<p>Die OGS der Gescher-Dyk-Schule Die Anmeldungen f\u00fcr VHTS und OGS m\u00fcssen ab dem Schuljahr 2017\/18 pers\u00f6nlich beim JFB Stadtlohn vorgenommen werden. Die Anmeldetermine werden vom JFB bekanntgegeben. Allgemeines Seit dem Schuljahr 2005\/06 ist die Gescher-Dyk-Schule eine Offene Ganztagsschule. In zwei &hellip; <\/p>\n","protected":false},"author":2,"featured_media":0,"parent":0,"menu_order":0,"comment_status":"closed","ping_status":"closed","template":"","meta":{"footnotes":""},"class_list":["post-144","page","type-page","status-publish","hentry"],"_links":{"self":[{"href":"https:\/\/gescher-dyk-schule.de\/index.php\/wp-json\/wp\/v2\/pages\/144","targetHints":{"allow":["GET"]}}],"collection":[{"href":"https:\/\/gescher-dyk-schule.de\/index.php\/wp-json\/wp\/v2\/pages"}],"about":[{"href":"https:\/\/gescher-dyk-schule.de\/index.php\/wp-json\/wp\/v2\/types\/page"}],"author":[{"embeddable":true,"href":"https:\/\/gescher-dyk-schule.de\/index.php\/wp-json\/wp\/v2\/users\/2"}],"replies":[{"embeddable":true,"href":"https:\/\/gescher-dyk-schule.de\/index.php\/wp-json\/wp\/v2\/comments?post=144"}],"version-history":[{"count":3,"href":"https:\/\/gescher-dyk-schule.de\/index.php\/wp-json\/wp\/v2\/pages\/144\/revisions"}],"predecessor-version":[{"id":235,"href":"https:\/\/gescher-dyk-schule.de\/index.php\/wp-json\/wp\/v2\/pages\/144\/revisions\/235"}],"wp:attachment":[{"href":"https:\/\/gescher-dyk-schule.de\/index.php\/wp-json\/wp\/v2\/media?parent=144"}],"curies":[{"name":"wp","href":"https:\/\/api.w.org\/{rel}","templated":true}]}}