{"id":135,"date":"2023-06-08T19:36:24","date_gmt":"2023-06-08T17:36:24","guid":{"rendered":"https:\/\/gescher-dyk-schule.de\/?page_id=135"},"modified":"2025-09-01T20:31:45","modified_gmt":"2025-09-01T18:31:45","slug":"schul-abc","status":"publish","type":"page","link":"https:\/\/gescher-dyk-schule.de\/index.php\/schul-abc\/","title":{"rendered":"Schul-ABC"},"content":{"rendered":"\n<figure class=\"wp-block-table is-style-stripes\"><table><tbody><tr><td><strong>A<\/strong><\/td><td><strong>Anmeldung f\u00fcr Schulanf\u00e4nger<\/strong><br>Die Anmeldungen der Schulanf\u00e4nger erfolgen j\u00e4hrlich bis sp\u00e4testens zum 15. November. Alle Kinder werden hierzu schriftlich eingeladen. Soll Ihr Kind auf Antrag eingeschult werden, wenden Sie sich bitte an die Schulleitung oder die Stadt Stadtlohn. Bitte kommen Sie mit Ihrem Kind zur Anmeldung.<\/td><\/tr><tr><td><strong>B<\/strong><\/td><td><strong>Beratung<\/strong><br>J\u00e4hrlich finden zwei Elternsprechtage statt. Dar\u00fcber hinaus besteht bei Beratungsbedarf die M\u00f6glichkeit sich f\u00fcr die w\u00f6chentlichen Sprechstunden bei den Klassen- oder Fachlehrern anzumelden. Bitte wenden Sie sich stets an die betreffende Lehrperson. In gemeinsamer Absprache k\u00f6nnen bei Bedarf die Schulleitung, die Beratungslehrerin oder die Schulsozialarbeiterin hinzugezogen werden.<\/td><\/tr><tr><td><\/td><td><strong>Beurlaubung<\/strong><br>Muss Ihr Kind aus einem wichtigen Grund beurlaubt werden, stellen Sie bitte rechtzeitig einen Antrag. Bei Beurlaubung bis zu zwei Tagen gen\u00fcgt ein schriftlicher Antrag an den Klassenlehrer. Eine Beurlaubung dar\u00fcber hinaus muss bei der Schulleitung beantragt werden.<br>Unmittelbar vor oder im Anschluss an Ferien\/Feiertage d\u00fcrfen Sch\u00fcler:innen nicht beurlaubt werden. \u201e\u00dcber Ausnahmen in nachweislich dringenden F\u00e4llen entscheidet der Schulleiter.\u201c (\u00a7 43 Abs. 3 Schulgesetz NRW).<br>F\u00fcr religi\u00f6se Feiertage (z.B. Zuckerfest) anderer Glaubensrichtungen kann eine Beurlaubung f\u00fcr einen Tag ausgesprochen werden. Die Beurlaubung ist schriftlich zu beantragen. Der Schulleiter entscheidet hier\u00fcber unter Ber\u00fccksichtigung der jeweiligen Glaubensrichtung. Der vers\u00e4umte Unterrichtsstoff ist nachzuholen.<\/td><\/tr><tr><td><strong>D<\/strong><\/td><td><strong>Dringende Mitteilungen<\/strong><br>Wenn Sie wichtige Informationen telefonisch \u00fcbermitteln m\u00f6chten, beachten Sie bitte, dass unser Sekretariat nur montags, mittwochs und freitags zu den hier nachzulesenden Zeiten durch unsere Schulsekret\u00e4rin Frau Nordkamp besetzt ist. An den anderen Tagen sollten Sie telefonische Infos unbedingt vor 8.10 Uhr an die Lehrkr\u00e4fte \u00fcbermitteln, da auch m\u00f6gliche Nachrichten auf dem Anrufbeantworter nicht sofort abgeh\u00f6rt werden k\u00f6nnen. Nutzen Sie in fraglichen F\u00e4llen bitte den Weg \u00fcber eine kurze schriftliche Nachricht an die (Klassen-)Lehrerin ins Hausaufgabenheft Ihres Kindes. Grunds\u00e4tzlich sind auch schriftliche Nachrichten an die IServ Adresse der jeweiligen Lehrkr\u00e4fte m\u00f6glich.<\/td><\/tr><tr><td><strong>E<\/strong><\/td><td><strong>Erziehungsleitfaden<\/strong><br>Elternhaus und Schule sollen vertrauensvoll und aufeinander abgestimmt zusammenarbeiten, damit sich die Kinder bestm\u00f6glich entwickeln k\u00f6nnen. Aus diesem Grund haben wir einen Erziehungsleitfaden entwickelt, der zu Beginn des ersten Schuljahres ausgeh\u00e4ndigt wird und Vereinbarungen zwischen Elternhaus und Schule enth\u00e4lt.<\/td><\/tr><tr><td><strong>F<\/strong><\/td><td><strong>F\u00f6rderverein<\/strong><br>An unserer Schule gibt es einen engagierten F\u00f6rderverein, der uns bei der Anschaffung von Unterrichts-, Spiel- und Sportmaterial unterst\u00fctzt. Sehr aktiv und mit vielen Ideen plant und f\u00fchrt der F\u00f6rderverein verschiedene Veranstaltungen durch (Staudenb\u00f6rse, Tr\u00f6delmarkt, Eisausgabe vor den Sommerferien, Stutenkerlaktion zum Nikolaus, Autorenlesung).<\/td><\/tr><tr><td><\/td><td><strong>Fundsachen<\/strong><br>Fundsachen werden in der Pausenhalle ausgelegt. Schauen Sie vorbei, wenn Sie ein Kleidungsst\u00fcck Ihres Kindes vermissen.<\/td><\/tr><tr><td><strong>G<\/strong><\/td><td><strong>Geburtstag<\/strong><br>Wenn ein Kind Geburtstag hat, wird dieser in der Schule nat\u00fcrlich gefeiert. Auf welche Art und Weise das geschieht, bespricht die zust\u00e4ndige Klassenleitung mit Kindern im Rahmen des Unterrichts und mit Eltern auf dem Klassenpflegschaftsabend.<br>Eine Bitte: Wenn Sie f\u00fcr Ihr Kind einen Kindergeburtstag ausrichten und an diesem Geburtstag auch Kinder unserer Offenen Ganztagsschule teilnehmen sollen, w\u00e4re es sch\u00f6n, wenn die Feier nicht vor 15:30 Uhr beginnen w\u00fcrde. Begr\u00fcndung: Der Besuch der Offenen Ganztagsschule endet f\u00fcr die Kinder fr\u00fchestens um 15:00 Uhr.<\/td><\/tr><tr><td><\/td><td><strong>Gesundes Fr\u00fchst\u00fcck<\/strong><br>Wir w\u00fcnschen uns, dass Sie Ihrem Kind ein gesundes, abwechslungsreiches Fr\u00fchst\u00fcck mitgeben. Wichtig sind Obst, Gem\u00fcse, ein Butterbrot sowie ein Getr\u00e4nk. Bitte verzichten Sie darauf, Ihrem Kind S\u00fc\u00dfigkeiten einzupacken. Nach Beschluss der Schulkonferenz wird aus Gr\u00fcnden der gesunden Ern\u00e4hrungen an unserer Schule auf das Bestellen von Kakao u. \u00e4hnlichen Getr\u00e4nken verzichtet.<\/td><\/tr><tr><td><strong>H<\/strong><\/td><td><strong>Hausaufgaben<\/strong><br>Hausaufgaben erg\u00e4nzen die Arbeit des Unterrichts. F\u00fcr die Klassen 1 und 2 sind 30 Minuten t\u00e4glich vorgesehen, f\u00fcr die Klassen 3 und 4 sind es 45\u00a0Minuten bei konzentrierter Arbeitsweise.<br>Hausaufgaben f\u00fcr erkrankte Kinder werden von Mitsch\u00fcler:innen mitgenommen.  <\/td><\/tr><tr><td><strong>I<\/strong><\/td><td><strong>Inklusion<\/strong><br>Unsere Schule besuchen Kinder mit unterschiedlichen Erfahrungen, F\u00e4higkeiten, Interessen und St\u00e4rken. Zur heterogenen Sch\u00fclerschaft geh\u00f6ren neben verschiedenen religi\u00f6sen, sozialen und kulturellen Hintergr\u00fcnden auch Sch\u00fcler:innen mit unterschiedlichen Unterst\u00fctzungsbedarfen hinsichtlich ihrer Lern- und Leistungsentwicklung, ihres Verhaltens sowie ihrer gesundheitlichen und allgemeinen Entwicklung. Das macht unser Schulleben abwechslungsreich, lebendig und vielf\u00e4ltig. Wir stellen unsere inklusive Arbeit unter das Motto \u201eGemeinsam leben, gemeinsam lernen\u201c.\u00a0<\/td><\/tr><tr><td><strong>J<\/strong><\/td><td><strong>JeKits<\/strong><br>An unserer Schule findet in Kooperation mit der Musikschule das Programm &#8222;JeKits &#8211; Jedem Kind Instrumente, Tanzen, Singen&#8220; statt. In den ersten Klassen erhalten die Kinder eine zus\u00e4tzliche Stunde Musikunterricht, der von einem Musikschullehrer geleitet wird. Hier haben die Kinder neben einer musikalischen Grundausbildung die M\u00f6glichkeit verschiedene Instrumente kennen zu lernen. Ab der zweiten Klasse bietet die Musikschule Instrumentalunterricht in Kleingruppen in unserer Schule an. Zu diesem Instrumentalunterricht geh\u00f6rt zus\u00e4tzlich eine w\u00f6chentlich stattfindende Orchesterstunde.<\/td><\/tr><tr><td><strong>K<\/strong><\/td><td><strong>Klassenpflegschaftsabend (= Elternabend)<\/strong><br>Halbj\u00e4hrlich finden die Klassenpflegschaftsabende in allen Jahrg\u00e4ngen statt. Zu Beginn des Schuljahres w\u00e4hlen die anwesenden Eltern ihre Pflegschaftsvertretung und deren Stellvertretung. Wichtige Informationen, wie beispielsweise ein \u00dcberblick \u00fcber Unterrichtsinhalte, Termine und bevorstehende Ereignisse im Schulleben der Kinder, werden an diesem Abend besprochen. Wenn Sie an diesem Termin selbst nicht teilnehmen k\u00f6nnen, so holen Sie alle Informationen des Abends bitte bei anderen Eltern ein.<\/td><\/tr><tr><td><\/td><td><strong>Krankmeldung<\/strong><br>Sollte Ihr Kind krank sein, informieren Sie uns am ersten Tag dar\u00fcber. Tun Sie dies bitte \u00fcber den mit der Klassenleitung abgesprochenen Weg. An einer zuk\u00fcnftigen digitalen L\u00f6sung wird gearbeitet. Bitte teilen Sie uns auch immer die Art der Erkrankung mit, damit wir bei ansteckenden Krankheiten Kinder und Schulpersonal sch\u00fctzen k\u00f6nnen. \u00dcber meldepflichtige Krankheiten wie Masern, Mumps, R\u00f6teln und Scharlach informieren Sie uns bitte umgehend. Selbstverst\u00e4ndlich behandeln wir diese Informationen vertraulich. Sobald Ihr Kind die Schule wieder besuchen kann, geben Sie ihm bitte eine schriftliche Entschuldigung mit.<\/td><\/tr><tr><td><strong>L<\/strong><\/td><td><strong>L\u00e4use<\/strong><br>Sollten Sie feststellen, dass Ihr Kind Kopfl\u00e4use hat, so ist die Schule unverz\u00fcglich zu benachrichtigen. Treten in der Schule L\u00e4use auf, informieren wir Sie dar\u00fcber per IServ. Sie sind daraufhin verpflichtet, die Haare des eigenen Kindes zu untersuchen und einen Befall von L\u00e4usen zu melden. <\/td><\/tr><tr><td><strong>M<\/strong><\/td><td><strong>Mitwirkung der Eltern<\/strong><br>Sie haben vielf\u00e4ltige M\u00f6glichkeiten sich in der Schule zu engagieren. In folgenden Gremien k\u00f6nnen Sie mitgestalten: Klassenpflegschaft, Schulpflegschaft, Schulkonferenz. Neben der Mitarbeit in den Gremien k\u00f6nnen Sie unsere schulische Arbeit auf vielf\u00e4ltige Weise unterst\u00fctzen: Klassenfest, Schulfest, Projekte, Wandertag,&#8230; . \u00dcber eine partnerschaftliche Zusammenarbeit mit Ihnen freuen wir uns.<\/td><\/tr><tr><td><strong>N<\/strong><\/td><td><strong>Nikolausumzug<\/strong><br>Am 5. Dezember findet j\u00e4hrlich der Nikolausumzug statt. Alle Stadtlohner Sch\u00fcler:innen im Grundschulalter nehmen mit Laternen an diesem Ereignis teil.<\/td><\/tr><tr><td><strong>O<\/strong><\/td><td><strong>Offene Ganztagsschule<\/strong><br>Von 12 bis 16.30 Uhr kann Ihr Kind in der offenen Ganztagsschule betreut werden. In dieser Zeit erhalten angemeldete Kinder ein warmes Mittagessen, erledigen ihre Hausaufgaben und haben die M\u00f6glichkeit zur Teilnahme an unterschiedlichen Angeboten.<\/td><\/tr><tr><td><strong>P<\/strong><\/td><td><strong>Post f\u00fcr die Eltern<\/strong><br>Die Schule \u00fcbermittelt schriftliche Nachrichten an die Eltern auf zweierlei Weise: In der Regel werden durch die Lehrkr\u00e4fte oder das Sekretariat E-Mails \u00fcber IServ verschickt. Alternativ werden schriftliche Nachrichten \u00fcber die Postmappe Ihres Kindes \u00fcbermittelt. Bitte kontrollieren Sie daher das E-Mail Postfach und die Postmappe Ihres Kindes t\u00e4glich.<\/td><\/tr><tr><td><strong>R<\/strong><\/td><td><strong>Regeln<\/strong><br>Schul- und Pausenregeln sollen ein friedliches Miteinander erm\u00f6glichen. Sie h\u00e4ngen in den Klassen bzw. in der Pausenhalle aus.<\/td><\/tr><tr><td><strong>S<\/strong><\/td><td><strong>Schwimmunterricht<\/strong><br>In jedem Schuljahr nimmt Ihr Kind f\u00fcr ein Halbjahr am Schwimmunterricht teil. Kann Ihr Kind aus gesundheitlichen Gr\u00fcnden nicht am Schwimmunterricht teilnehmen, bleibt es in der Schule, wenn im Anschluss noch Unterricht stattfindet. Findet nach dem Schwimmen kein Unterricht mehr statt, kann Ihr Kind vorzeitig nach Hause gehen, sofern Sie dies der Klassenleitung mitgeteilt haben.<\/td><\/tr><tr><td><strong>T<\/strong><\/td><td><strong>Teamgeister<\/strong><br>Teamgeister ist ein Programm zur St\u00e4rkung der emotionalen und sozialen Kompetenzen der Kinder, das sich \u00fcber die gesamte Grundschulzeit erstreckt.<\/td><\/tr><tr><td><strong>U<\/strong><\/td><td><strong>Unf\u00e4lle<\/strong><br>Ihr Kind ist auf dem Schulweg und w\u00e4hrend des Unterrichts versichert. Sollte sich w\u00e4hrend dieser Zeit ein Vorfall ereignen, der einen Arztbesuch erforderlich macht, teilen Sie dieses bitte der Schule mit, damit eine entsprechende Unfallmeldung angefertigt wird.<\/td><\/tr><tr><td><\/td><td><strong>Unterrichtsbeginn nach den Sommerferien<\/strong><br>Am 1. Schultag nach den Sommerferien endet der Unterricht f\u00fcr alle Kinder nach der 4. Stunde.<\/td><\/tr><tr><td><\/td><td><strong>Unterrichtsausfall\/Vertretungsunterricht<\/strong><br>Wir versuchen im Falle der Erkrankung einer Lehrkraft so zu vertreten, dass m\u00f6glichst kein Unterricht ausf\u00e4llt. Falls es einmal n\u00f6tig sein sollte, eine Stunde ausfallen zu lassen, notieren die Kinder das in der Regel in ihrem Hausaufgabenheft und die Eltern best\u00e4tigen dieses durch ihre Unterschrift. Ebenfalls kann diese Nachricht am Vortag per E-Mail eingehen. Da wir unsere Aufsichtspflicht ernst nehmen, k\u00f6nnen wir Kinder nicht nach Hause entlassen, die keine Unterschrift vorweisen k\u00f6nnen.<\/td><\/tr><tr><td><\/td><td><strong>Unterrichtszeiten<\/strong><br>1. Stunde 8.15 Uhr &#8211; 9.00 Uhr<br>2. Stunde 9.05 Uhr &#8211; 9.50 Uhr<br>Fr\u00fchst\u00fccks- und Hofpause 9.50 Uhr &#8211; 10.15 Uhr<br>3. Stunde 10.15 Uhr &#8211; 11.00 Uhr<br>4. Stunde 11.05 Uhr &#8211; 11.50 Uhr<br>Hofpause 11.50 Uhr &#8211; 12.00 Uhr<br>5. Stunde 12.00 Uhr &#8211; 12.45 Uhr<br>6. Stunde 12.50 Uhr &#8211; 13.35 Uhr<\/td><\/tr><tr><td><strong>V<\/strong><\/td><td><strong>VERA<\/strong><br>Im Sinne der Qualit\u00e4tssicherung finden in den 3. Jahrgangsstufen Vergleichsarbeiten in den F\u00e4chern Deutsch und Mathematik (VERA) statt, die vom Land NRW gestellt werden.<\/td><\/tr><tr><td><\/td><td><strong>Verkehrserziehung<\/strong><br>Im ersten und zweiten Schuljahr nehmen die Kinder an einem Programm der Jugendverkehrsschule teil. Zur Steigerung der Sicherheit und Geschicklichkeit beim Radfahren f\u00fchren wir j\u00e4hrlich in allen Jahrgangsstufen den Wettbewerb \u201eK\u00f6nner auf 2 R\u00e4dern\u201c durch. Im 4. Schuljahr findet unter Zusammenarbeit von Elternhaus, Schule und Polizei eine intensive Radfahrausbildung statt.<\/td><\/tr><tr><td><strong>W<\/strong><\/td><td><strong>Wandertag<\/strong><br>Zweimal j\u00e4hrlich f\u00fchren wir einen Wandertag\/Ausflug im Klassenverband durch. Einmal in der Grundschulzeit unternimmt jede Klasse eine mehrt\u00e4gige Klassenfahrt.<\/td><\/tr><tr><td><strong>Z<\/strong><\/td><td><strong>Zeugnisse<\/strong><br>Im ersten und zweiten Schuljahr erhalten die Kinder am Ende des Schuljahres ein Berichtszeugnis. Im 3. und 4. Schuljahr bekommen die Kinder am Ende des 1. Halbjahres und am Ende des Schuljahres Zeugnisse mit Noten. Mit dem Halbjahreszeugnis der Klasse 4 wird als Bestandteil des Zeugnisses eine &#8222;Begr\u00fcndete Empfehlung&#8220; der Klassenkonferenz f\u00fcr den \u00dcbergang zu den weiterf\u00fchrenden Schulen ausgestellt.<\/td><\/tr><tr><td><\/td><td><strong>Zuckerfest<\/strong><br>siehe Beurlaubung<\/td><\/tr><\/tbody><\/table><\/figure>\n","protected":false},"excerpt":{"rendered":"<p>A Anmeldung f\u00fcr Schulanf\u00e4ngerDie Anmeldungen der Schulanf\u00e4nger erfolgen j\u00e4hrlich bis sp\u00e4testens zum 15. November. Alle Kinder werden hierzu schriftlich eingeladen. Soll Ihr Kind auf Antrag eingeschult werden, wenden Sie sich bitte an die Schulleitung oder die Stadt Stadtlohn. Bitte kommen &hellip; <\/p>\n","protected":false},"author":2,"featured_media":0,"parent":0,"menu_order":0,"comment_status":"closed","ping_status":"closed","template":"","meta":{"footnotes":""},"class_list":["post-135","page","type-page","status-publish","hentry"],"_links":{"self":[{"href":"https:\/\/gescher-dyk-schule.de\/index.php\/wp-json\/wp\/v2\/pages\/135","targetHints":{"allow":["GET"]}}],"collection":[{"href":"https:\/\/gescher-dyk-schule.de\/index.php\/wp-json\/wp\/v2\/pages"}],"about":[{"href":"https:\/\/gescher-dyk-schule.de\/index.php\/wp-json\/wp\/v2\/types\/page"}],"author":[{"embeddable":true,"href":"https:\/\/gescher-dyk-schule.de\/index.php\/wp-json\/wp\/v2\/users\/2"}],"replies":[{"embeddable":true,"href":"https:\/\/gescher-dyk-schule.de\/index.php\/wp-json\/wp\/v2\/comments?post=135"}],"version-history":[{"count":4,"href":"https:\/\/gescher-dyk-schule.de\/index.php\/wp-json\/wp\/v2\/pages\/135\/revisions"}],"predecessor-version":[{"id":478,"href":"https:\/\/gescher-dyk-schule.de\/index.php\/wp-json\/wp\/v2\/pages\/135\/revisions\/478"}],"wp:attachment":[{"href":"https:\/\/gescher-dyk-schule.de\/index.php\/wp-json\/wp\/v2\/media?parent=135"}],"curies":[{"name":"wp","href":"https:\/\/api.w.org\/{rel}","templated":true}]}}