{"id":130,"date":"2023-06-08T19:18:04","date_gmt":"2023-06-08T17:18:04","guid":{"rendered":"https:\/\/gescher-dyk-schule.de\/?page_id=130"},"modified":"2023-06-13T18:42:26","modified_gmt":"2023-06-13T16:42:26","slug":"teamgeister","status":"publish","type":"page","link":"https:\/\/gescher-dyk-schule.de\/index.php\/teamgeister\/","title":{"rendered":"Teamgeister"},"content":{"rendered":"\n<p class=\"has-medium-font-size\"><strong>F\u00fcr ein respektvolles und gesundes Miteinander in unserer Schule<\/strong><\/p>\n\n\n\n<p>Seit dem Schuljahr 2010\/2011 arbeiten wir an unserer Schule mit dem Projekt \u201eTeamgeister\u201c (nach Ellen und Heiner Wilms) bei denen gezielte Aktivit\u00e4ten f\u00fcr ein respektvolles und gesundes Miteinander im Vordergrund stehen. \u201eTeamgeister\u201c ist ein Programm, das speziell f\u00fcr Kinder im Grundschulalter entwickelt wurde, und die F\u00f6rderung der sozialen und emotionalen F\u00e4higkeiten der Kinder im Fokus hat. Ziel dieses Programms ist aufbauend von Klasse 1 bis 4 die Vermittlung von Lebenskompetenzen (life skills) definiert durch die Weltgesundheitsorganisation und ihr praktisches Training. Dabei geht es um den Umgang mit Gef\u00fchlen, die Erarbeitung von Konfliktl\u00f6sungsstrategien, dem Zurechtfinden in der Gemeinschaft, der Entwicklung von Selbstvertrauen oder dem Treffen von Entscheidungen. Um das Ziel zu erreichen, verwendet \u201eTeamgeister\u201c viele verschiedene spielerische \u00dcbungen, Gespr\u00e4che und Geschichten. Die wichtigsten Beitr\u00e4ge aber liefern die Kinder selbst, wenn sie ihre eigenen Erlebnisse und Erfahrungen erz\u00e4hlen und den anderen Mitsch\u00fclern hierbei zuh\u00f6ren. Dabei begegnen den Kindern in jedem Jahrgang wiederkehrende Themenschwerpunkte.<\/p>\n","protected":false},"excerpt":{"rendered":"<p>F\u00fcr ein respektvolles und gesundes Miteinander in unserer Schule Seit dem Schuljahr 2010\/2011 arbeiten wir an unserer Schule mit dem Projekt \u201eTeamgeister\u201c (nach Ellen und Heiner Wilms) bei denen gezielte Aktivit\u00e4ten f\u00fcr ein respektvolles und gesundes Miteinander im Vordergrund stehen. &hellip; <\/p>\n","protected":false},"author":2,"featured_media":0,"parent":0,"menu_order":0,"comment_status":"closed","ping_status":"closed","template":"","meta":{"footnotes":""},"class_list":["post-130","page","type-page","status-publish","hentry"],"_links":{"self":[{"href":"https:\/\/gescher-dyk-schule.de\/index.php\/wp-json\/wp\/v2\/pages\/130","targetHints":{"allow":["GET"]}}],"collection":[{"href":"https:\/\/gescher-dyk-schule.de\/index.php\/wp-json\/wp\/v2\/pages"}],"about":[{"href":"https:\/\/gescher-dyk-schule.de\/index.php\/wp-json\/wp\/v2\/types\/page"}],"author":[{"embeddable":true,"href":"https:\/\/gescher-dyk-schule.de\/index.php\/wp-json\/wp\/v2\/users\/2"}],"replies":[{"embeddable":true,"href":"https:\/\/gescher-dyk-schule.de\/index.php\/wp-json\/wp\/v2\/comments?post=130"}],"version-history":[{"count":2,"href":"https:\/\/gescher-dyk-schule.de\/index.php\/wp-json\/wp\/v2\/pages\/130\/revisions"}],"predecessor-version":[{"id":233,"href":"https:\/\/gescher-dyk-schule.de\/index.php\/wp-json\/wp\/v2\/pages\/130\/revisions\/233"}],"wp:attachment":[{"href":"https:\/\/gescher-dyk-schule.de\/index.php\/wp-json\/wp\/v2\/media?parent=130"}],"curies":[{"name":"wp","href":"https:\/\/api.w.org\/{rel}","templated":true}]}}