{"id":121,"date":"2023-06-08T19:00:56","date_gmt":"2023-06-08T17:00:56","guid":{"rendered":"https:\/\/gescher-dyk-schule.de\/?page_id=121"},"modified":"2023-06-22T15:31:54","modified_gmt":"2023-06-22T13:31:54","slug":"lesementoren","status":"publish","type":"page","link":"https:\/\/gescher-dyk-schule.de\/index.php\/lesementoren\/","title":{"rendered":"Lesementoren"},"content":{"rendered":"\n<p class=\"has-medium-font-size\"><strong>Die Leselernhelfer an der Gescher-Dyk-Schule<\/strong><\/p>\n\n\n\n<p>Unsere ehrenamtlichen Helfer, die Lesementoren bieten individuelle Hilfe f\u00fcr Kinder, die Schwierigkeiten beim Lesen oder im Umgang mit der deutschen Sprache haben. Die Arbeit der Mentoren kann den Deutschunterricht nicht ersetzen und ist auch nicht als Nachhilfe gedacht, sondern soll eine Unterst\u00fctzung in der Ausbildung der sprachlichen F\u00e4higkeiten der Kinder sein. Seit 2010 bekommen wir in der Grundschule w\u00f6chentlich Besuch von f\u00fcnf ehrenamtlichen Lesementoren des Vereins \u201eLesekosmos Vreden \u2013 das Lesepaten- und Mentorennetzwerk e.V.\u201c Sie \u00fcben eine Unterrichtsstunde lang mit einzelnen Kindern in einer eins zu eins Betreuung das Lesen und Verstehen altersgerechter Texte und versuchen dabei den Spa\u00df und das Interesse an B\u00fcchern zu wecken. In den R\u00e4umen unserer Schule kann auf diese Weise f\u00fcnf bzw. sechs Kindern der Klassen eins bis vier die M\u00f6glichkeit gegeben werden au\u00dferhalb des Unterrichts ihre Lesekompetenz zu st\u00e4rken und gemeinsame Gespr\u00e4che \u00fcber das Gelesene zu f\u00fchren, um das Textverst\u00e4ndnis zu schulen. Es werden auf spielerische Weise und unter Ber\u00fccksichtigung der W\u00fcnsche der Kinder sprachliche Kenntnisse und F\u00e4higkeiten vermittelt und erweitert. Lesekompetenz ist die Grundvoraussetzung f\u00fcr den Lernerfolg. Die Lesef\u00f6rderung findet mit Zustimmung der Eltern ( schriftliche Einverst\u00e4ndniserkl\u00e4rung) und im Austausch mit den Klassenlehrerinnen und Klassenlehrer der teilnehmenden Kindern statt. In regelm\u00e4\u00dfigen Treffen tauschen sich die Lesementoren im Verein Lesekosmos \u00fcber ihre Erfahrungen aus und planen Aktionen oder Fortbildungsseminare. <\/p>\n\n\n\n<p>Die Zusammenarbeit der Schule mit unseren Lesementoren hat sich bew\u00e4hrt und wir freuen uns \u00fcber motivierte und zuverl\u00e4ssige Mentoren, die ihre Zeit ehrenamtlich zur Verf\u00fcgung stellen. Mit Freude beobachten wir, dass die Kinder durch diese F\u00f6rderung zus\u00e4tzlich zu ihren Lesefertigkeiten auch ihr Vertrauen in die eigenen F\u00e4higkeiten st\u00e4rken.<\/p>\n\n\n\n<p>Neue Leselernhelfer sind immer sehr willkommen. Falls Sie Interesse haben, melden Sie sich in der Schule.<\/p>\n\n\n\n<p>Die Arbeit als Lesementorin oder Lesementor bedeutet f\u00fcr Sie konkret: <\/p>\n\n\n\n<ul class=\"wp-block-list\">\n<li>Lesen altersgem\u00e4\u00dfer Texte jeglicher Art; die W\u00fcnsche des Kindes sollten dabei ber\u00fccksichtigt werden, damit alle Spa\u00df am Lesen haben<\/li>\n<\/ul>\n\n\n\n<ul class=\"wp-block-list\">\n<li>Gemeinsames Gespr\u00e4ch \u00fcber das Gelesene, um das Textverst\u00e4ndnis zu \u00fcben<\/li>\n<\/ul>\n\n\n\n<ul class=\"wp-block-list\">\n<li>Beispiele und Vorgaben des Mentors oder der Mentorin durch Vorlesen eines Textes mit korrekter Betonung und Sprechen in ganzen S\u00e4tzen<\/li>\n<\/ul>\n\n\n\n<ul class=\"wp-block-list\">\n<li>Eingehen auf die individuellen Schwierigkeiten des Kindes beim Lesen und Schreiben<\/li>\n<\/ul>\n\n\n\n<p>Die Lesef\u00f6rderung findet au\u00dferhalb des regul\u00e4ren Unterrichts in der Schule statt; also nach der Schule oder in Freistunden (ein- bis zweimal w\u00f6chentlich f\u00fcr 45 \u2013 60 Minuten). So bleiben die Kinder in einer vertrauten Umgebung und die Mentoren haben einen direkten Kontakt mit der Lehrerin bzw. dem Lehrer des Kindes. Au\u00dferdem bleiben die Privatsph\u00e4re der Mentoren und die der Kinder gewahrt.<\/p>\n","protected":false},"excerpt":{"rendered":"<p>Die Leselernhelfer an der Gescher-Dyk-Schule Unsere ehrenamtlichen Helfer, die Lesementoren bieten individuelle Hilfe f\u00fcr Kinder, die Schwierigkeiten beim Lesen oder im Umgang mit der deutschen Sprache haben. Die Arbeit der Mentoren kann den Deutschunterricht nicht ersetzen und ist auch nicht &hellip; <\/p>\n","protected":false},"author":2,"featured_media":0,"parent":0,"menu_order":0,"comment_status":"closed","ping_status":"closed","template":"","meta":{"footnotes":""},"class_list":["post-121","page","type-page","status-publish","hentry"],"_links":{"self":[{"href":"https:\/\/gescher-dyk-schule.de\/index.php\/wp-json\/wp\/v2\/pages\/121","targetHints":{"allow":["GET"]}}],"collection":[{"href":"https:\/\/gescher-dyk-schule.de\/index.php\/wp-json\/wp\/v2\/pages"}],"about":[{"href":"https:\/\/gescher-dyk-schule.de\/index.php\/wp-json\/wp\/v2\/types\/page"}],"author":[{"embeddable":true,"href":"https:\/\/gescher-dyk-schule.de\/index.php\/wp-json\/wp\/v2\/users\/2"}],"replies":[{"embeddable":true,"href":"https:\/\/gescher-dyk-schule.de\/index.php\/wp-json\/wp\/v2\/comments?post=121"}],"version-history":[{"count":3,"href":"https:\/\/gescher-dyk-schule.de\/index.php\/wp-json\/wp\/v2\/pages\/121\/revisions"}],"predecessor-version":[{"id":294,"href":"https:\/\/gescher-dyk-schule.de\/index.php\/wp-json\/wp\/v2\/pages\/121\/revisions\/294"}],"wp:attachment":[{"href":"https:\/\/gescher-dyk-schule.de\/index.php\/wp-json\/wp\/v2\/media?parent=121"}],"curies":[{"name":"wp","href":"https:\/\/api.w.org\/{rel}","templated":true}]}}